{"id":561,"date":"2022-11-17T06:45:55","date_gmt":"2022-11-17T04:45:55","guid":{"rendered":"https:\/\/ceebe\/?page_id=561"},"modified":"2023-05-17T14:49:47","modified_gmt":"2023-05-17T12:49:47","slug":"service","status":"publish","type":"page","link":"https:\/\/ceebe.be\/de\/service\/","title":{"rendered":"Service"},"content":{"rendered":"<div data-elementor-type=\"wp-page\" data-elementor-id=\"561\" class=\"elementor elementor-561 elementor-1913\" data-elementor-post-type=\"page\">\n\t\t\t\t\t\t<section class=\"elementor-section elementor-top-section elementor-element elementor-element-a2d039b elementor-section-content-middle elementor-section-boxed elementor-section-height-default elementor-section-height-default\" data-id=\"a2d039b\" data-element_type=\"section\" data-e-type=\"section\" data-settings=\"{&quot;background_background&quot;:&quot;classic&quot;}\">\n\t\t\t\t\t\t<div class=\"elementor-container elementor-column-gap-no\">\n\t\t\t\t\t<div class=\"elementor-column elementor-col-50 elementor-top-column elementor-element elementor-element-3aed11d elementor-invisible\" data-id=\"3aed11d\" data-element_type=\"column\" data-e-type=\"column\" data-settings=\"{&quot;animation&quot;:&quot;fadeInLeft&quot;}\">\n\t\t\t<div class=\"elementor-widget-wrap elementor-element-populated\">\n\t\t\t\t\t\t<div class=\"elementor-element elementor-element-53a30f9 elementor-widget elementor-widget-heading\" data-id=\"53a30f9\" data-element_type=\"widget\" data-e-type=\"widget\" data-widget_type=\"heading.default\">\n\t\t\t\t<div class=\"elementor-widget-container\">\n\t\t\t\t\t<h1 class=\"elementor-heading-title elementor-size-default\">Unser Service<\/h1>\t\t\t\t<\/div>\n\t\t\t\t<\/div>\n\t\t\t\t<div class=\"elementor-element elementor-element-19e1d2e elementor-widget elementor-widget-text-editor\" data-id=\"19e1d2e\" data-element_type=\"widget\" data-e-type=\"widget\" data-widget_type=\"text-editor.default\">\n\t\t\t\t<div class=\"elementor-widget-container\">\n\t\t\t\t\t\t\t\t\t<p>Egal, ob Sie langj\u00e4hrige Erfahrung in der Branche haben oder erst am Anfang stehen, wir begleiten Sie bei jedem Schritt. Unser Full-Service-Ansatz macht aus Ihrer Idee ein erfolgreiches Produkt.  <\/p>\n\t\t\t\t\t\t\t\t<\/div>\n\t\t\t\t<\/div>\n\t\t\t\t<div class=\"elementor-element elementor-element-9bf285a elementor-mobile-align-justify elementor-widget elementor-widget-button\" data-id=\"9bf285a\" data-element_type=\"widget\" data-e-type=\"widget\" data-widget_type=\"button.default\">\n\t\t\t\t<div class=\"elementor-widget-container\">\n\t\t\t\t\t\t\t\t\t<div class=\"elementor-button-wrapper\">\n\t\t\t\t\t<a class=\"elementor-button elementor-button-link elementor-size-sm\" href=\"#mehr\">\n\t\t\t\t\t\t<span class=\"elementor-button-content-wrapper\">\n\t\t\t\t\t\t\t\t\t<span class=\"elementor-button-text\">Mehr erfahren<\/span>\n\t\t\t\t\t<\/span>\n\t\t\t\t\t<\/a>\n\t\t\t\t<\/div>\n\t\t\t\t\t\t\t\t<\/div>\n\t\t\t\t<\/div>\n\t\t\t\t\t<\/div>\n\t\t<\/div>\n\t\t\t\t<div class=\"elementor-column elementor-col-50 elementor-top-column elementor-element elementor-element-b492186 elementor-hidden-mobile elementor-invisible\" data-id=\"b492186\" data-element_type=\"column\" data-e-type=\"column\" data-settings=\"{&quot;background_background&quot;:&quot;classic&quot;,&quot;animation&quot;:&quot;fadeInRight&quot;,&quot;animation_delay&quot;:500}\">\n\t\t\t<div class=\"elementor-widget-wrap elementor-element-populated\">\n\t\t\t\t\t\t<div class=\"elementor-element elementor-element-197eae6 elementor-widget elementor-widget-image\" data-id=\"197eae6\" data-element_type=\"widget\" data-e-type=\"widget\" data-widget_type=\"image.default\">\n\t\t\t\t<div class=\"elementor-widget-container\">\n\t\t\t\t\t\t\t\t\t\t\t\t\t\t\t<img fetchpriority=\"high\" decoding=\"async\" width=\"800\" height=\"600\" src=\"https:\/\/ceebe.be\/wp-content\/uploads\/2023\/03\/service_Ceebe-Bedrijfsshoot-20221216-HR-043_bearbeitet-1-1024x768.jpg\" class=\"attachment-large size-large wp-image-2557\" alt=\"\" srcset=\"https:\/\/ceebe.be\/wp-content\/uploads\/2023\/03\/service_Ceebe-Bedrijfsshoot-20221216-HR-043_bearbeitet-1-1024x768.jpg 1024w, https:\/\/ceebe.be\/wp-content\/uploads\/2023\/03\/service_Ceebe-Bedrijfsshoot-20221216-HR-043_bearbeitet-1-300x225.jpg 300w, https:\/\/ceebe.be\/wp-content\/uploads\/2023\/03\/service_Ceebe-Bedrijfsshoot-20221216-HR-043_bearbeitet-1-768x576.jpg 768w, https:\/\/ceebe.be\/wp-content\/uploads\/2023\/03\/service_Ceebe-Bedrijfsshoot-20221216-HR-043_bearbeitet-1-1536x1152.jpg 1536w, https:\/\/ceebe.be\/wp-content\/uploads\/2023\/03\/service_Ceebe-Bedrijfsshoot-20221216-HR-043_bearbeitet-1.jpg 1600w\" sizes=\"(max-width: 800px) 100vw, 800px\" \/>\t\t\t\t\t\t\t\t\t\t\t\t\t\t\t<\/div>\n\t\t\t\t<\/div>\n\t\t\t\t\t<\/div>\n\t\t<\/div>\n\t\t\t\t\t<\/div>\n\t\t<\/section>\n\t\t\t\t<section class=\"elementor-section elementor-top-section elementor-element elementor-element-8913216 elementor-section-boxed elementor-section-height-default elementor-section-height-default\" data-id=\"8913216\" data-element_type=\"section\" data-e-type=\"section\" id=\"mehr\" data-settings=\"{&quot;background_background&quot;:&quot;classic&quot;}\">\n\t\t\t\t\t\t\t<div class=\"elementor-background-overlay\"><\/div>\n\t\t\t\t\t\t\t<div class=\"elementor-container elementor-column-gap-default\">\n\t\t\t\t\t<div class=\"elementor-column elementor-col-50 elementor-top-column elementor-element elementor-element-5fa783a elementor-hidden-mobile elementor-invisible\" data-id=\"5fa783a\" data-element_type=\"column\" data-e-type=\"column\" data-settings=\"{&quot;background_background&quot;:&quot;classic&quot;,&quot;animation&quot;:&quot;fadeInLeft&quot;,&quot;animation_delay&quot;:500}\">\n\t\t\t<div class=\"elementor-widget-wrap elementor-element-populated\">\n\t\t\t\t\t\t<div class=\"elementor-element elementor-element-fe1ae94 elementor-widget elementor-widget-spacer\" data-id=\"fe1ae94\" data-element_type=\"widget\" data-e-type=\"widget\" data-widget_type=\"spacer.default\">\n\t\t\t\t<div class=\"elementor-widget-container\">\n\t\t\t\t\t\t\t<div class=\"elementor-spacer\">\n\t\t\t<div class=\"elementor-spacer-inner\"><\/div>\n\t\t<\/div>\n\t\t\t\t\t\t<\/div>\n\t\t\t\t<\/div>\n\t\t\t\t\t<\/div>\n\t\t<\/div>\n\t\t\t\t<div class=\"elementor-column elementor-col-50 elementor-top-column elementor-element elementor-element-8d5a225 elementor-invisible\" data-id=\"8d5a225\" data-element_type=\"column\" data-e-type=\"column\" data-settings=\"{&quot;animation&quot;:&quot;fadeInRight&quot;}\">\n\t\t\t<div class=\"elementor-widget-wrap elementor-element-populated\">\n\t\t\t\t\t\t<div class=\"elementor-element elementor-element-3f5362c elementor-widget elementor-widget-heading\" data-id=\"3f5362c\" data-element_type=\"widget\" data-e-type=\"widget\" data-widget_type=\"heading.default\">\n\t\t\t\t<div class=\"elementor-widget-container\">\n\t\t\t\t\t<h2 class=\"elementor-heading-title elementor-size-default\">1.<\/h2>\t\t\t\t<\/div>\n\t\t\t\t<\/div>\n\t\t\t\t<div class=\"elementor-element elementor-element-d7a4ba2 elementor-widget elementor-widget-heading\" data-id=\"d7a4ba2\" data-element_type=\"widget\" data-e-type=\"widget\" data-widget_type=\"heading.default\">\n\t\t\t\t<div class=\"elementor-widget-container\">\n\t\t\t\t\t<h2 class=\"elementor-heading-title elementor-size-default\">Worum geht's?<\/h2>\t\t\t\t<\/div>\n\t\t\t\t<\/div>\n\t\t\t\t<div class=\"elementor-element elementor-element-19140cc elementor-widget elementor-widget-text-editor\" data-id=\"19140cc\" data-element_type=\"widget\" data-e-type=\"widget\" data-widget_type=\"text-editor.default\">\n\t\t\t\t<div class=\"elementor-widget-container\">\n\t\t\t\t\t\t\t\t\t<div class=\"col-lg-6 offset-lg-0 col-12\">\n<div class=\"c-text__inset c-text__inset--right\">\n<p>Bei unserem ersten Treffen k\u00f6nnen Sie uns von Ihrer Produktidee erz\u00e4hlen. Nachdem wir Ihre Vorstellungen und W\u00fcnsche gekl\u00e4rt haben, werden wir Ihrem Produkt Form geben, indem wir Ihnen einen Rezepturvorschlag machen. Wir erstellen auch verschiedene Muster, damit Sie sehen k\u00f6nnen, wie Ihr Produkt aussehen k\u00f6nnte.<\/p>\n<\/div>\n<\/div>\n\t\t\t\t\t\t\t\t<\/div>\n\t\t\t\t<\/div>\n\t\t\t\t\t<\/div>\n\t\t<\/div>\n\t\t\t\t\t<\/div>\n\t\t<\/section>\n\t\t\t\t<section class=\"elementor-section elementor-top-section elementor-element elementor-element-eafbac4 elementor-section-boxed elementor-section-height-default elementor-section-height-default\" data-id=\"eafbac4\" data-element_type=\"section\" data-e-type=\"section\">\n\t\t\t\t\t\t\t<div class=\"elementor-background-overlay\"><\/div>\n\t\t\t\t\t\t\t<div class=\"elementor-container elementor-column-gap-default\">\n\t\t\t\t\t<div class=\"elementor-column elementor-col-50 elementor-top-column elementor-element elementor-element-5282c85 elementor-invisible\" data-id=\"5282c85\" data-element_type=\"column\" data-e-type=\"column\" data-settings=\"{&quot;animation&quot;:&quot;fadeInLeft&quot;}\">\n\t\t\t<div class=\"elementor-widget-wrap elementor-element-populated\">\n\t\t\t\t\t\t<div class=\"elementor-element elementor-element-91e18c4 elementor-widget elementor-widget-heading\" data-id=\"91e18c4\" data-element_type=\"widget\" data-e-type=\"widget\" data-widget_type=\"heading.default\">\n\t\t\t\t<div class=\"elementor-widget-container\">\n\t\t\t\t\t<h2 class=\"elementor-heading-title elementor-size-default\">2.<\/h2>\t\t\t\t<\/div>\n\t\t\t\t<\/div>\n\t\t\t\t<div class=\"elementor-element elementor-element-4a44d90 elementor-widget elementor-widget-heading\" data-id=\"4a44d90\" data-element_type=\"widget\" data-e-type=\"widget\" data-widget_type=\"heading.default\">\n\t\t\t\t<div class=\"elementor-widget-container\">\n\t\t\t\t\t<h2 class=\"elementor-heading-title elementor-size-default\">DEsign&amp; Rezeptur<\/h2>\t\t\t\t<\/div>\n\t\t\t\t<\/div>\n\t\t\t\t<div class=\"elementor-element elementor-element-a7a8f6e elementor-widget elementor-widget-text-editor\" data-id=\"a7a8f6e\" data-element_type=\"widget\" data-e-type=\"widget\" data-widget_type=\"text-editor.default\">\n\t\t\t\t<div class=\"elementor-widget-container\">\n\t\t\t\t\t\t\t\t\t<div class=\"col-lg-6 offset-lg-0 col-12\">\n<div class=\"c-text__inset c-text__inset--right\">\n<div class=\"c-section\">\n<div class=\"container\">\n<div class=\"row justify-content-center align-items-center\">\n<div class=\"col-lg-6 offset-lg-0 col-12\">\n<div class=\"c-text__inset c-text__inset--left\">\n<p>Nach der Rezeptur, sprechen wir \u00fcber die Verpackung Ihres Produkts. Welche Verpackung w\u00fcnschen Sie? Wie soll sie gestaltet sein? Wir machen Ihnen einige Vorschl\u00e4ge, damit Sie das bestm\u00f6gliche Konzept f\u00fcr Ihr Produkt finden.  <\/p>\n<\/div>\n<\/div>\n<\/div>\n<\/div>\n<\/div>\n<\/div>\n<\/div>\t\t\t\t\t\t\t\t<\/div>\n\t\t\t\t<\/div>\n\t\t\t\t\t<\/div>\n\t\t<\/div>\n\t\t\t\t<div class=\"elementor-column elementor-col-50 elementor-top-column elementor-element elementor-element-4b230d2 elementor-hidden-mobile elementor-invisible\" data-id=\"4b230d2\" data-element_type=\"column\" data-e-type=\"column\" data-settings=\"{&quot;background_background&quot;:&quot;classic&quot;,&quot;animation&quot;:&quot;fadeInRight&quot;,&quot;animation_delay&quot;:500}\">\n\t\t\t<div class=\"elementor-widget-wrap elementor-element-populated\">\n\t\t\t\t\t\t<div class=\"elementor-element elementor-element-37369b2 elementor-widget elementor-widget-spacer\" data-id=\"37369b2\" data-element_type=\"widget\" data-e-type=\"widget\" data-widget_type=\"spacer.default\">\n\t\t\t\t<div class=\"elementor-widget-container\">\n\t\t\t\t\t\t\t<div class=\"elementor-spacer\">\n\t\t\t<div class=\"elementor-spacer-inner\"><\/div>\n\t\t<\/div>\n\t\t\t\t\t\t<\/div>\n\t\t\t\t<\/div>\n\t\t\t\t\t<\/div>\n\t\t<\/div>\n\t\t\t\t\t<\/div>\n\t\t<\/section>\n\t\t\t\t<section class=\"elementor-section elementor-top-section elementor-element elementor-element-389886c elementor-section-boxed elementor-section-height-default elementor-section-height-default\" data-id=\"389886c\" data-element_type=\"section\" data-e-type=\"section\">\n\t\t\t\t\t\t\t<div class=\"elementor-background-overlay\"><\/div>\n\t\t\t\t\t\t\t<div class=\"elementor-container elementor-column-gap-default\">\n\t\t\t\t\t<div class=\"elementor-column elementor-col-50 elementor-top-column elementor-element elementor-element-f741ae8 elementor-hidden-mobile elementor-invisible\" data-id=\"f741ae8\" data-element_type=\"column\" data-e-type=\"column\" data-settings=\"{&quot;background_background&quot;:&quot;classic&quot;,&quot;animation&quot;:&quot;fadeInLeft&quot;,&quot;animation_delay&quot;:500}\">\n\t\t\t<div class=\"elementor-widget-wrap elementor-element-populated\">\n\t\t\t\t\t\t<div class=\"elementor-element elementor-element-d308783 elementor-widget elementor-widget-spacer\" data-id=\"d308783\" data-element_type=\"widget\" data-e-type=\"widget\" data-widget_type=\"spacer.default\">\n\t\t\t\t<div class=\"elementor-widget-container\">\n\t\t\t\t\t\t\t<div class=\"elementor-spacer\">\n\t\t\t<div class=\"elementor-spacer-inner\"><\/div>\n\t\t<\/div>\n\t\t\t\t\t\t<\/div>\n\t\t\t\t<\/div>\n\t\t\t\t\t<\/div>\n\t\t<\/div>\n\t\t\t\t<div class=\"elementor-column elementor-col-50 elementor-top-column elementor-element elementor-element-464c14c elementor-invisible\" data-id=\"464c14c\" data-element_type=\"column\" data-e-type=\"column\" data-settings=\"{&quot;animation&quot;:&quot;fadeInRight&quot;}\">\n\t\t\t<div class=\"elementor-widget-wrap elementor-element-populated\">\n\t\t\t\t\t\t<div class=\"elementor-element elementor-element-da020ea elementor-widget elementor-widget-heading\" data-id=\"da020ea\" data-element_type=\"widget\" data-e-type=\"widget\" data-widget_type=\"heading.default\">\n\t\t\t\t<div class=\"elementor-widget-container\">\n\t\t\t\t\t<h2 class=\"elementor-heading-title elementor-size-default\">3.<\/h2>\t\t\t\t<\/div>\n\t\t\t\t<\/div>\n\t\t\t\t<div class=\"elementor-element elementor-element-8caeda8 elementor-widget elementor-widget-heading\" data-id=\"8caeda8\" data-element_type=\"widget\" data-e-type=\"widget\" data-widget_type=\"heading.default\">\n\t\t\t\t<div class=\"elementor-widget-container\">\n\t\t\t\t\t<h2 class=\"elementor-heading-title elementor-size-default\">Produkt-Einf\u00fchrung<\/h2>\t\t\t\t<\/div>\n\t\t\t\t<\/div>\n\t\t\t\t<div class=\"elementor-element elementor-element-15ab9f1 elementor-widget elementor-widget-text-editor\" data-id=\"15ab9f1\" data-element_type=\"widget\" data-e-type=\"widget\" data-widget_type=\"text-editor.default\">\n\t\t\t\t<div class=\"elementor-widget-container\">\n\t\t\t\t\t\t\t\t\t<div class=\"col-lg-6 offset-lg-0 col-12\">\n<div class=\"c-text__inset c-text__inset--right\">\n<div class=\"col-lg-6 offset-lg-0 col-12\">\n<div class=\"c-text__inset c-text__inset--right\">\n<p>Und unser Service geht noch weiter. Brauchen Sie Hilfe bei der Vermarktung Ihres Produkts oder bei der Einf\u00fchrung in einem anderen Land? Dank unserer Erfahrung auf verschiedenen internationalen M\u00e4rkten k\u00f6nnen wir Ihnen n\u00fctzliche Einblicke und Tipps zum internationalen Marketing geben.<\/p>\n<\/div>\n<\/div>\n<\/div>\n<\/div>\n\t\t\t\t\t\t\t\t<\/div>\n\t\t\t\t<\/div>\n\t\t\t\t\t<\/div>\n\t\t<\/div>\n\t\t\t\t\t<\/div>\n\t\t<\/section>\n\t\t\t\t<\/div>","protected":false},"excerpt":{"rendered":"<p>Unser Service Egal, ob Sie langj\u00e4hrige Erfahrung in der Branche haben oder erst am Anfang stehen, wir begleiten Sie bei jedem Schritt. Unser Full-Service-Ansatz macht aus Ihrer Idee ein erfolgreiches Produkt. Mehr erfahren 1. Worum geht&#8217;s? Bei unserem ersten Treffen k\u00f6nnen Sie uns von Ihrer Produktidee erz\u00e4hlen. Nachdem wir Ihre Vorstellungen und W\u00fcnsche gekl\u00e4rt haben, [&hellip;]<\/p>\n","protected":false},"author":2,"featured_media":0,"parent":0,"menu_order":0,"comment_status":"closed","ping_status":"closed","template":"","meta":{"footnotes":""},"class_list":["post-561","page","type-page","status-publish","hentry"],"_links":{"self":[{"href":"https:\/\/ceebe.be\/de\/wp-json\/wp\/v2\/pages\/561","targetHints":{"allow":["GET"]}}],"collection":[{"href":"https:\/\/ceebe.be\/de\/wp-json\/wp\/v2\/pages"}],"about":[{"href":"https:\/\/ceebe.be\/de\/wp-json\/wp\/v2\/types\/page"}],"author":[{"embeddable":true,"href":"https:\/\/ceebe.be\/de\/wp-json\/wp\/v2\/users\/2"}],"replies":[{"embeddable":true,"href":"https:\/\/ceebe.be\/de\/wp-json\/wp\/v2\/comments?post=561"}],"version-history":[{"count":105,"href":"https:\/\/ceebe.be\/de\/wp-json\/wp\/v2\/pages\/561\/revisions"}],"predecessor-version":[{"id":2996,"href":"https:\/\/ceebe.be\/de\/wp-json\/wp\/v2\/pages\/561\/revisions\/2996"}],"wp:attachment":[{"href":"https:\/\/ceebe.be\/de\/wp-json\/wp\/v2\/media?parent=561"}],"curies":[{"name":"wp","href":"https:\/\/api.w.org\/{rel}","templated":true}]}}